{"id":270,"date":"2024-12-20T09:31:40","date_gmt":"2024-12-20T09:31:40","guid":{"rendered":"https:\/\/polskiklubmma.nl\/?page_id=270"},"modified":"2024-12-20T09:39:33","modified_gmt":"2024-12-20T09:39:33","slug":"strona-w-budowie","status":"publish","type":"page","link":"https:\/\/polskiklubmma.nl\/nl\/strona-w-budowie\/","title":{"rendered":"Strona w budowie"},"content":{"rendered":"<div data-elementor-type=\"wp-page\" data-elementor-id=\"270\" class=\"elementor elementor-270\">\n\t\t\t\t<div class=\"elementor-element elementor-element-2a4c7cd e-flex e-con-boxed e-con e-parent\" data-id=\"2a4c7cd\" data-element_type=\"container\" data-e-type=\"container\">\n\t\t\t\t\t<div class=\"e-con-inner\">\n\t\t\t\t<div class=\"elementor-element elementor-element-1e3b9fb elementor-widget elementor-widget-heading\" data-id=\"1e3b9fb\" data-element_type=\"widget\" data-e-type=\"widget\" data-widget_type=\"heading.default\">\n\t\t\t\t<div class=\"elementor-widget-container\">\n\t\t\t\t\t<h2 class=\"elementor-heading-title elementor-size-default\">Siemanko!<\/h2>\t\t\t\t<\/div>\n\t\t\t\t<\/div>\n\t\t\t\t<div class=\"elementor-element elementor-element-6d3c5ac elementor-widget elementor-widget-text-editor\" data-id=\"6d3c5ac\" data-element_type=\"widget\" data-e-type=\"widget\" data-widget_type=\"text-editor.default\">\n\t\t\t\t<div class=\"elementor-widget-container\">\n\t\t\t\t\t\t\t\t\t<p>Na naszej stronie internetowej spore zmiany przed \u015bwi\u0119tami, a ju\u017c po nowym roku ruszamy w nowej ods\u0142onie i z jeszcze wi\u0119ksz\u0105 energi\u0105. Do tego czasu pisz do nas na nasze konto na facebooku, link w ikonce:<\/p>\t\t\t\t\t\t\t\t<\/div>\n\t\t\t\t<\/div>\n\t\t\t\t<div class=\"elementor-element elementor-element-0a21b60 elementor-view-default elementor-widget elementor-widget-icon\" data-id=\"0a21b60\" data-element_type=\"widget\" data-e-type=\"widget\" data-widget_type=\"icon.default\">\n\t\t\t\t<div class=\"elementor-widget-container\">\n\t\t\t\t\t\t\t<div class=\"elementor-icon-wrapper\">\n\t\t\t<a class=\"elementor-icon\" href=\"https:\/\/www.facebook.com\/polskiklubmma\">\n\t\t\t<svg aria-hidden=\"true\" class=\"e-font-icon-svg e-fab-facebook\" viewbox=\"0 0 512 512\" xmlns=\"http:\/\/www.w3.org\/2000\/svg\"><path d=\"M504 256C504 119 393 8 256 8S8 119 8 256c0 123.78 90.69 226.38 209.25 245V327.69h-63V256h63v-54.64c0-62.15 37-96.48 93.67-96.48 27.14 0 55.52 4.84 55.52 4.84v61h-31.28c-30.8 0-40.41 19.12-40.41 38.73V256h68.78l-11 71.69h-57.78V501C413.31 482.38 504 379.78 504 256z\"><\/path><\/svg>\t\t\t<\/a>\n\t\t<\/div>\n\t\t\t\t\t\t<\/div>\n\t\t\t\t<\/div>\n\t\t\t\t<div class=\"elementor-element elementor-element-7d6cea7 elementor-widget elementor-widget-text-editor\" data-id=\"7d6cea7\" data-element_type=\"widget\" data-e-type=\"widget\" data-widget_type=\"text-editor.default\">\n\t\t\t\t<div class=\"elementor-widget-container\">\n\t\t\t\t\t\t\t\t\t<p>Do zobaczenia w Nowym Roku, trzymaj si\u0119, cze\u015b\u0107!<\/p>\t\t\t\t\t\t\t\t<\/div>\n\t\t\t\t<\/div>\n\t\t\t\t\t<\/div>\n\t\t\t\t<\/div>\n\t\t\t\t<\/div>","protected":false},"excerpt":{"rendered":"<p>Siemanko! Na naszej stronie internetowej spore zmiany przed \u015bwi\u0119tami, a ju\u017c po nowym roku ruszamy w nowej ods\u0142onie i z jeszcze wi\u0119ksz\u0105 energi\u0105. Do tego czasu pisz do nas na nasze konto na facebooku, link w ikonce: Do zobaczenia w Nowym Roku, trzymaj si\u0119, cze\u015b\u0107!<\/p>","protected":false},"author":2,"featured_media":0,"parent":0,"menu_order":0,"comment_status":"closed","ping_status":"closed","template":"","meta":{"_uag_custom_page_level_css":"","_kad_post_transparent":"","_kad_post_title":"hide","_kad_post_layout":"fullwidth","_kad_post_sidebar_id":"","_kad_post_content_style":"unboxed","_kad_post_vertical_padding":"hide","_kad_post_feature":"hide","_kad_post_feature_position":"","_kad_post_header":false,"_kad_post_footer":false,"footnotes":""},"class_list":["post-270","page","type-page","status-publish","hentry"],"uagb_featured_image_src":{"full":false,"thumbnail":false,"medium":false,"medium_large":false,"large":false,"1536x1536":false,"2048x2048":false,"trp-custom-language-flag":false},"uagb_author_info":{"display_name":"admin-marcin","author_link":"https:\/\/polskiklubmma.nl\/nl\/author\/admin-marcin\/"},"uagb_comment_info":0,"uagb_excerpt":"Siemanko! Na naszej stronie internetowej spore zmiany przed \u015bwi\u0119tami, a ju\u017c po nowym roku ruszamy w nowej ods\u0142onie i z jeszcze wi\u0119ksz\u0105 energi\u0105. Do tego czasu pisz do nas na nasze konto na facebooku, link w ikonce: Do zobaczenia w Nowym Roku, trzymaj si\u0119, cze\u015b\u0107!","_links":{"self":[{"href":"https:\/\/polskiklubmma.nl\/nl\/wp-json\/wp\/v2\/pages\/270","targetHints":{"allow":["GET"]}}],"collection":[{"href":"https:\/\/polskiklubmma.nl\/nl\/wp-json\/wp\/v2\/pages"}],"about":[{"href":"https:\/\/polskiklubmma.nl\/nl\/wp-json\/wp\/v2\/types\/page"}],"author":[{"embeddable":true,"href":"https:\/\/polskiklubmma.nl\/nl\/wp-json\/wp\/v2\/users\/2"}],"replies":[{"embeddable":true,"href":"https:\/\/polskiklubmma.nl\/nl\/wp-json\/wp\/v2\/comments?post=270"}],"version-history":[{"count":4,"href":"https:\/\/polskiklubmma.nl\/nl\/wp-json\/wp\/v2\/pages\/270\/revisions"}],"predecessor-version":[{"id":276,"href":"https:\/\/polskiklubmma.nl\/nl\/wp-json\/wp\/v2\/pages\/270\/revisions\/276"}],"wp:attachment":[{"href":"https:\/\/polskiklubmma.nl\/nl\/wp-json\/wp\/v2\/media?parent=270"}],"curies":[{"name":"wp","href":"https:\/\/api.w.org\/{rel}","templated":true}]}}